{"id":19979,"date":"2024-08-24T05:41:33","date_gmt":"2024-08-24T05:41:33","guid":{"rendered":"https:\/\/hotelbaeren.com\/agb\/"},"modified":"2026-01-26T11:59:56","modified_gmt":"2026-01-26T11:59:56","slug":"agb","status":"publish","type":"page","link":"https:\/\/hotelbaeren.com\/it\/agb\/","title":{"rendered":"AGB"},"content":{"rendered":"\t\t<div data-elementor-type=\"wp-page\" data-elementor-id=\"19979\" class=\"elementor elementor-19979 elementor-3\">\n\t\t\t\t<div class=\"wd-negative-gap elementor-element elementor-element-ae131fb e-flex e-con-boxed e-con e-parent\" data-id=\"ae131fb\" data-element_type=\"container\" data-e-type=\"container\">\n\t\t\t\t\t<div class=\"e-con-inner\">\n\t\t\t\t<div class=\"elementor-element elementor-element-3de513b color-scheme-inherit text-left elementor-widget elementor-widget-text-editor\" data-id=\"3de513b\" data-element_type=\"widget\" data-e-type=\"widget\" data-widget_type=\"text-editor.default\">\n\t\t\t\t<div class=\"elementor-widget-container\">\n\t\t\t\t\t\t\t\t\t<h2 style=\"font-size: 28px;\">Condizioni generali di contratto (CG) Hotel B\u00e4ren AG St. Moritz (da ottobre 2018)<\/h2>\n<h3>1. ambito di applicazione<\/h3>\nLe presenti CGV si applicano a tutti i contratti di soggiorno stipulati tra l&#8217;Hotel B\u00e4ren AG di St. Moritz (hotel) e terzi (ospite), nonch\u00e9 a tutti gli altri servizi forniti dall&#8217;Hotel B\u00e4ren AG.\n\nIl partner contrattuale conferma di aver letto e accettato le presenti CGC. Per richieste particolari, come prenotazioni di gruppi, conferenze ed eventi, si consiglia di contattare direttamente l&#8217;hotel via e-mail o telefono. Termini e condizioni divergenti o in conflitto non sono riconosciuti se non sono stati espressamente concordati per iscritto.\n<h3>2. prenotazione<\/h3>\nOgni prenotazione alberghiera con questo sistema di prenotazione basato su internet viene effettuata direttamente con l&#8217;hotel senza intermediari.\n<h3>3. conclusione del contratto<\/h3>\nIl contratto di alloggio viene stipulato direttamente tra il cliente e l&#8217;hotel durante il processo di prenotazione. Accettando la prenotazione effettuata dal cliente, viene stipulato un contratto di alloggio. Questo accordo per ordinare l&#8217;utilizzo delle camere prenotate \u00e8 vincolante per entrambe le parti contraenti. La prenotazione delle camere ordinate ma non ancora pagate \u00e8 vincolante per l&#8217;hotel fino alle ore 18:00 del giorno di arrivo. L&#8217;hotel si riserva il diritto di riaffittare le camere non utilizzate entro la fine del periodo di arrivo.\n\n\nL&#8217;ospite non ha diritto a usufruire del servizio di alloggio in una stanza specifica. L&#8217;hotel riceve una conferma di prenotazione vincolante con un numero di prenotazione. L&#8217;hotel si riserva il diritto di definire restrizioni standard del settore come soggiorni minimi, garanzie di prenotazione o depositi per date specifiche.\n\n\u00c8 vietato rivendere o affittare e\/o subaffittare le camere prenotate. In particolare, non \u00e8 consentito subaffittare le camere e\/o le assegnazioni di camere a terzi a prezzi superiori a quelli effettivi. Non \u00e8 altres\u00ec consentita la cessione o la vendita del credito nei confronti dell&#8217;hotel.\n\nL&#8217;uso delle camere d&#8217;albergo per scopi diversi dall&#8217;alloggio \u00e8 espressamente vietato.\n<h3>4. pagamento<\/h3>\nIl pagamento deve essere effettuato in anticipo con carta di credito o direttamente in hotel in contanti o con una carta di credito valida.\n<h3>5. prenotazioni garantite\/termini di cancellazione<\/h3>\nLe prenotazioni non garantite scadono dopo le 18:00 del giorno di arrivo.\n\nLe prenotazioni sono garantite se l&#8217;ospite ha confermato il servizio di alloggio utilizzando i dati della carta di credito o ha pagato un deposito e non ha cancellato le camere prenotate per iscritto entro il periodo di cancellazione concordato.\n\nIn caso di mancata presentazione o di partenza anticipata, verr\u00e0 addebitato l&#8217;intero prezzo dell&#8217;alloggio.\n<h3>6. modifiche e cancellazioni<\/h3>\nAl fine di evitare malintesi, le modifiche e le cancellazioni delle prenotazioni devono essere confermate per iscritto dall&#8217;hotel. L&#8217;hotel potr\u00e0 addebitare i costi corrispondenti alle condizioni di cancellazione sulla carta di credito del cliente.\n<h3>7. le tariffe delle camere concordate contrattualmente<\/h3>\nsono pubblicate in franchi svizzeri, IVA inclusa. Le tasse turistiche previste dalla legge, come la tassa di soggiorno, la tassa di sviluppo commerciale e i contributi per il trasporto pubblico, non sono incluse nel prezzo della camera e vengono addebitate in aggiunta.\n<h3>8. responsabilit\u00e0<\/h3>\nL&#8217;hotel \u00e8 responsabile per i danni derivanti da lesioni alla vita, all&#8217;integrit\u00e0 fisica o alla salute. Inoltre, l&#8217;hotel \u00e8 responsabile per altri danni derivanti da una violazione intenzionale o gravemente negligente dei doveri, nonch\u00e9 per i danni derivanti da una violazione intenzionale o negligente dei doveri tipici del contratto. Una violazione dei doveri da parte dell&#8217;hotel equivale a una violazione dei doveri da parte dei suoi rappresentanti legali, dipendenti o agenti vicari. L&#8217;hotel \u00e8 responsabile per i beni portati nell&#8217;hotel in conformit\u00e0 con le disposizioni di legge, in base alle quali la responsabilit\u00e0 \u00e8 limitata a cento volte il prezzo della camera (da CHF 800 a un massimo di CHF 3500) e per il denaro, i titoli e gli oggetti di valore fino a CHF 800. La responsabilit\u00e0 si estingue se l&#8217;hotel non \u00e8 in grado di fornire un&#8217;assistenza adeguata. La richiesta di risarcimento decade se l&#8217;ospite non informa l&#8217;hotel immediatamente dopo essere venuto a conoscenza della perdita, della distruzione o del danneggiamento dell&#8217;oggetto portato. Le disposizioni di legge si applicano alla responsabilit\u00e0 illimitata.\n\nSe all&#8217;ospite viene messo a disposizione un posto auto nel garage o nel parcheggio dell&#8217;hotel, anche a pagamento, questo non costituisce un accordo di custodia. L&#8217;hotel non ha l&#8217;obbligo di controllare il parcheggio. L&#8217;hotel sar\u00e0 responsabile dei danni nell&#8217;ambito delle disposizioni di cui al paragrafo 1. L&#8217;ospite \u00e8 tenuto a segnalare immediatamente qualsiasi danno e, in ogni caso, a segnalare i danni evidenti prima di lasciare il parcheggio. L&#8217;hotel non \u00e8 responsabile dei danni causati esclusivamente da altri ospiti o da terzi.\n<h3>9. cibo e bevande portate con s\u00e9<\/h3>\nNelle aree comuni \u00e8 vietato consumare cibi e bevande portati in hotel. La colazione deve essere consumata nelle apposite aree e non \u00e8 possibile portarla via. \u00c8 vietato preparare cibi nelle camere.\n<h3>11. protezione dei dati<\/h3>\nI dati inseriti dai clienti vengono elaborati elettronicamente dal sistema di prenotazione. Tali dati vengono elaborati solo nella misura necessaria alla prenotazione e al servizio alberghiero e non vengono trasmessi a terzi.\n<h3>12. disposizioni finali<\/h3>\nModifiche o aggiunte unilaterali alle presenti CGC da parte dell&#8217;ospite non sono valide. Il luogo di pagamento e di adempimento \u00e8 la sede legale dell&#8217;hotel.\n\nIl foro competente per tutte le controversie derivanti dal rapporto contrattuale \u00e8 St. Moritz; il diritto svizzero si applica esclusivamente ad esclusione del diritto privato internazionale e della Convenzione delle Nazioni Unite sui contratti di vendita internazionale di beni mobili.\t\t\t\t\t\t\t\t<\/div>\n\t\t\t\t<\/div>\n\t\t\t\t\t<\/div>\n\t\t\t\t<\/div>\n\t\t\t\t<\/div>\n\t\t","protected":false},"excerpt":{"rendered":"<p>Condizioni generali di contratto (CG) Hotel B\u00e4ren AG St. Moritz (da ottobre 2018) 1. ambito di applicazione Le presenti CGV<\/p>\n","protected":false},"author":1,"featured_media":0,"parent":0,"menu_order":0,"comment_status":"closed","ping_status":"closed","template":"","meta":{"_acf_changed":false,"_monsterinsights_skip_tracking":false,"_monsterinsights_sitenote_active":false,"_monsterinsights_sitenote_note":"","_monsterinsights_sitenote_category":0,"footnotes":""},"class_list":["post-19979","page","type-page","status-publish","hentry"],"acf":[],"_links":{"self":[{"href":"https:\/\/hotelbaeren.com\/it\/wp-json\/wp\/v2\/pages\/19979","targetHints":{"allow":["GET"]}}],"collection":[{"href":"https:\/\/hotelbaeren.com\/it\/wp-json\/wp\/v2\/pages"}],"about":[{"href":"https:\/\/hotelbaeren.com\/it\/wp-json\/wp\/v2\/types\/page"}],"author":[{"embeddable":true,"href":"https:\/\/hotelbaeren.com\/it\/wp-json\/wp\/v2\/users\/1"}],"replies":[{"embeddable":true,"href":"https:\/\/hotelbaeren.com\/it\/wp-json\/wp\/v2\/comments?post=19979"}],"version-history":[{"count":0,"href":"https:\/\/hotelbaeren.com\/it\/wp-json\/wp\/v2\/pages\/19979\/revisions"}],"wp:attachment":[{"href":"https:\/\/hotelbaeren.com\/it\/wp-json\/wp\/v2\/media?parent=19979"}],"curies":[{"name":"wp","href":"https:\/\/api.w.org\/{rel}","templated":true}]}}